{"id":102,"date":"2025-04-29T02:24:58","date_gmt":"2025-04-29T02:24:58","guid":{"rendered":"https:\/\/myplaceoffice.digital\/seguros\/?page_id=102"},"modified":"2025-06-20T15:20:55","modified_gmt":"2025-06-20T15:20:55","slug":"acesso-ao-seguro-de-vida","status":"publish","type":"page","link":"https:\/\/myplaceoffice.digital\/seguros\/index.php\/acesso-ao-seguro-de-vida\/","title":{"rendered":"Acesso ao Seguro de Vida"},"content":{"rendered":"\t\t<div data-elementor-type=\"wp-page\" data-elementor-id=\"102\" class=\"elementor elementor-102\">\n\t\t\t\t<div class=\"elementor-element elementor-element-1686713 e-flex e-con-boxed e-con e-parent\" data-id=\"1686713\" data-element_type=\"container\" data-settings=\"{&quot;background_background&quot;:&quot;classic&quot;}\">\n\t\t\t\t\t<div class=\"e-con-inner\">\n\t\t<div class=\"elementor-element elementor-element-20dfe02 e-con-full e-flex e-con e-child\" data-id=\"20dfe02\" data-element_type=\"container\" data-settings=\"{&quot;background_background&quot;:&quot;classic&quot;}\">\n\t\t\t\t<div class=\"elementor-element elementor-element-0dc1415 elementor-widget elementor-widget-wpforms\" data-id=\"0dc1415\" data-element_type=\"widget\" data-widget_type=\"wpforms.default\">\n\t\t\t\t<div class=\"elementor-widget-container\">\n\t\t\t\t\t<style id=\"wpforms-css-vars-elementor-widget-0dc1415\">\n\t\t\t\t.elementor-widget-wpforms.elementor-element-0dc1415 {\n\t\t\t\t--wpforms-field-border-radius: 26px;\n--wpforms-button-border-radius: 30px;\n--wpforms-button-background-color: #000000;\n--wpforms-field-size-input-height: 50px;\n--wpforms-field-size-input-spacing: 20px;\n--wpforms-field-size-font-size: 18px;\n--wpforms-field-size-line-height: 21px;\n--wpforms-field-size-padding-h: 14px;\n--wpforms-field-size-checkbox-size: 18px;\n--wpforms-field-size-sublabel-spacing: 10px;\n--wpforms-field-size-icon-size: 1.25;\n--wpforms-label-size-font-size: 18px;\n--wpforms-label-size-line-height: 21px;\n--wpforms-label-size-sublabel-font-size: 16px;\n--wpforms-label-size-sublabel-line-height: 19px;\n\n\t\t\t}\n\t\t\t<\/style><div class=\"wpforms-container wpforms-container-full wpforms-render-modern\" id=\"wpforms-80\"><form id=\"wpforms-form-80\" class=\"wpforms-validate wpforms-form wpforms-ajax-form\" data-formid=\"80\" method=\"post\" enctype=\"multipart\/form-data\" action=\"\/seguros\/index.php\/wp-json\/wp\/v2\/pages\/102\" data-token=\"e927e9bddff067f6f03b560a2f039a71\" data-token-time=\"1776210875\"><noscript class=\"wpforms-error-noscript\">Ative o JavaScript no seu navegador para preencher este formul\u00e1rio.<\/noscript><div class=\"wpforms-hidden\" id=\"wpforms-error-noscript\">Ative o JavaScript no seu navegador para preencher este formul\u00e1rio.<\/div><div class=\"wpforms-field-container\">\t\t<div id=\"wpforms-80-field_3-container\"\n\t\t\tclass=\"wpforms-field wpforms-field-text\"\n\t\t\tdata-field-type=\"text\"\n\t\t\tdata-field-id=\"3\"\n\t\t\t>\n\t\t\t<label class=\"wpforms-field-label\" for=\"wpforms-80-field_3\" >Nome Acesso atrav\u00e9s<\/label>\n\t\t\t<input type=\"text\" id=\"wpforms-80-field_3\" class=\"wpforms-field-medium\" name=\"wpforms[fields][3]\" >\n\t\t<\/div>\n\t\t<div id=\"wpforms-80-field_1-container\" class=\"wpforms-field wpforms-field-name wpforms-one-half wpforms-first\" data-field-id=\"1\"><label class=\"wpforms-field-label\" for=\"wpforms-80-field_1\">Nome <span class=\"wpforms-required-label\" aria-hidden=\"true\">*<\/span><\/label><input type=\"text\" id=\"wpforms-80-field_1\" class=\"wpforms-field-large wpforms-field-required\" name=\"wpforms[fields][1]\" aria-errormessage=\"wpforms-80-field_1-error\" required><\/div><div id=\"wpforms-80-field_4-container\" class=\"wpforms-field wpforms-field-email wpforms-one-half\" data-field-id=\"4\"><label class=\"wpforms-field-label\" for=\"wpforms-80-field_4\">E-mail <span class=\"wpforms-required-label\" aria-hidden=\"true\">*<\/span><\/label><input type=\"email\" id=\"wpforms-80-field_4\" class=\"wpforms-field-large wpforms-field-required\" name=\"wpforms[fields][4]\" spellcheck=\"false\" aria-errormessage=\"wpforms-80-field_4-error\" required><\/div><div id=\"wpforms-80-field_2-container\" class=\"wpforms-field wpforms-field-checkbox\" data-field-id=\"2\"><fieldset><legend class=\"wpforms-field-label\">Acesso atrav\u00e9s de:<\/legend><ul id=\"wpforms-80-field_2\"><li class=\"choice-1 depth-1\"><input type=\"checkbox\" id=\"wpforms-80-field_2_1\" name=\"wpforms[fields][2][]\" value=\"My Place Office\" aria-errormessage=\"wpforms-80-field_2_1-error\"  ><label class=\"wpforms-field-label-inline\" for=\"wpforms-80-field_2_1\">My Place Office<\/label><\/li><li class=\"choice-2 depth-1\"><input type=\"checkbox\" id=\"wpforms-80-field_2_2\" name=\"wpforms[fields][2][]\" value=\"Outros\" aria-errormessage=\"wpforms-80-field_2_2-error\"  ><label class=\"wpforms-field-label-inline\" for=\"wpforms-80-field_2_2\">Outros<\/label><\/li><\/ul><\/fieldset><\/div><script>\n\t\t\t\t( function() {\n\t\t\t\t\tconst style = document.createElement( 'style' );\n\t\t\t\t\tstyle.appendChild( document.createTextNode( '#wpforms-80-field_3-container { position: absolute !important; overflow: hidden !important; display: inline !important; height: 1px !important; width: 1px !important; z-index: -1000 !important; padding: 0 !important; } #wpforms-80-field_3-container input { visibility: hidden; } #wpforms-conversational-form-page #wpforms-80-field_3-container label { counter-increment: none; }' ) );\n\t\t\t\t\tdocument.head.appendChild( style );\n\t\t\t\t\tdocument.currentScript?.remove();\n\t\t\t\t} )();\n\t\t\t<\/script><\/div><!-- .wpforms-field-container --><div class=\"wpforms-submit-container\" ><input type=\"hidden\" name=\"wpforms[id]\" value=\"80\"><input type=\"hidden\" name=\"page_title\" value=\"\"><input type=\"hidden\" name=\"page_url\" value=\"https:\/\/myplaceoffice.digital\/seguros\/index.php\/wp-json\/wp\/v2\/pages\/102\"><input type=\"hidden\" name=\"url_referer\" value=\"\"><button type=\"submit\" name=\"wpforms[submit]\" id=\"wpforms-submit-80\" class=\"wpforms-submit\" data-alt-text=\"Enviando\u2026\" data-submit-text=\"Acesso ao seguro de Vida\" aria-live=\"assertive\" value=\"wpforms-submit\">Acesso ao seguro de Vida<\/button><img decoding=\"async\" src=\"https:\/\/myplaceoffice.digital\/seguros\/wp-content\/plugins\/wpforms-lite\/assets\/images\/submit-spin.svg\" class=\"wpforms-submit-spinner\" style=\"display: none;\" width=\"26\" height=\"26\" alt=\"Carregando\"><\/div><\/form><\/div>  <!-- .wpforms-container -->\t\t\t\t<\/div>\n\t\t\t\t<\/div>\n\t\t\t\t<\/div>\n\t\t\t\t\t<\/div>\n\t\t\t\t<\/div>\n\t\t\t\t<\/div>\n\t\t","protected":false},"excerpt":{"rendered":"<p>Ative o JavaScript no seu navegador para preencher este formul\u00e1rio.Ative o JavaScript no seu navegador para preencher este formul\u00e1rio.Nome *E-mail * Acesso atrav\u00e9s de: My Place Office Outros Acesso ao seguro de Vida<\/p>\n","protected":false},"author":1,"featured_media":31,"parent":0,"menu_order":0,"comment_status":"closed","ping_status":"closed","template":"elementor_header_footer","meta":{"footnotes":""},"class_list":["post-102","page","type-page","status-publish","has-post-thumbnail","hentry"],"_links":{"self":[{"href":"https:\/\/myplaceoffice.digital\/seguros\/index.php\/wp-json\/wp\/v2\/pages\/102","targetHints":{"allow":["GET"]}}],"collection":[{"href":"https:\/\/myplaceoffice.digital\/seguros\/index.php\/wp-json\/wp\/v2\/pages"}],"about":[{"href":"https:\/\/myplaceoffice.digital\/seguros\/index.php\/wp-json\/wp\/v2\/types\/page"}],"author":[{"embeddable":true,"href":"https:\/\/myplaceoffice.digital\/seguros\/index.php\/wp-json\/wp\/v2\/users\/1"}],"replies":[{"embeddable":true,"href":"https:\/\/myplaceoffice.digital\/seguros\/index.php\/wp-json\/wp\/v2\/comments?post=102"}],"version-history":[{"count":9,"href":"https:\/\/myplaceoffice.digital\/seguros\/index.php\/wp-json\/wp\/v2\/pages\/102\/revisions"}],"predecessor-version":[{"id":378,"href":"https:\/\/myplaceoffice.digital\/seguros\/index.php\/wp-json\/wp\/v2\/pages\/102\/revisions\/378"}],"wp:featuredmedia":[{"embeddable":true,"href":"https:\/\/myplaceoffice.digital\/seguros\/index.php\/wp-json\/wp\/v2\/media\/31"}],"wp:attachment":[{"href":"https:\/\/myplaceoffice.digital\/seguros\/index.php\/wp-json\/wp\/v2\/media?parent=102"}],"curies":[{"name":"wp","href":"https:\/\/api.w.org\/{rel}","templated":true}]}}