{"id":2,"date":"2025-04-21T16:31:22","date_gmt":"2025-04-21T16:31:22","guid":{"rendered":"https:\/\/myplaceoffice.digital\/seguros\/?page_id=2"},"modified":"2025-06-20T03:13:44","modified_gmt":"2025-06-20T03:13:44","slug":"home","status":"publish","type":"page","link":"https:\/\/myplaceoffice.digital\/seguros\/","title":{"rendered":"Home"},"content":{"rendered":"\t\t<div data-elementor-type=\"wp-page\" data-elementor-id=\"2\" class=\"elementor elementor-2\">\n\t\t\t\t<div class=\"elementor-element elementor-element-8378c13 e-con-full e-flex e-con e-parent\" data-id=\"8378c13\" data-element_type=\"container\">\n\t\t\t\t<div class=\"elementor-element elementor-element-901ca73 elementor-arrows-position-inside elementor-pagination-position-outside elementor-widget elementor-widget-image-carousel\" data-id=\"901ca73\" data-element_type=\"widget\" data-settings=\"{&quot;slides_to_show&quot;:&quot;1&quot;,&quot;navigation&quot;:&quot;both&quot;,&quot;autoplay&quot;:&quot;yes&quot;,&quot;pause_on_hover&quot;:&quot;yes&quot;,&quot;pause_on_interaction&quot;:&quot;yes&quot;,&quot;autoplay_speed&quot;:5000,&quot;infinite&quot;:&quot;yes&quot;,&quot;effect&quot;:&quot;slide&quot;,&quot;speed&quot;:500}\" data-widget_type=\"image-carousel.default\">\n\t\t\t\t<div class=\"elementor-widget-container\">\n\t\t\t\t\t\t\t<div class=\"elementor-image-carousel-wrapper swiper\" role=\"region\" aria-roledescription=\"carousel\" aria-label=\"Carrossel de imagens\" dir=\"ltr\">\n\t\t\t<div class=\"elementor-image-carousel swiper-wrapper swiper-image-stretch\" aria-live=\"off\">\n\t\t\t\t\t\t\t\t<div class=\"swiper-slide\" role=\"group\" aria-roledescription=\"slide\" aria-label=\"1 de 9\"><figure class=\"swiper-slide-inner\"><img decoding=\"async\" class=\"swiper-slide-image\" src=\"https:\/\/myplaceoffice.digital\/seguros\/wp-content\/uploads\/2025\/06\/seguro-residencial-1.png\" alt=\"seguro residencial\" \/><\/figure><\/div><div class=\"swiper-slide\" role=\"group\" aria-roledescription=\"slide\" aria-label=\"2 de 9\"><figure class=\"swiper-slide-inner\"><img decoding=\"async\" class=\"swiper-slide-image\" src=\"https:\/\/myplaceoffice.digital\/seguros\/wp-content\/uploads\/2025\/06\/seguro-residencial-2-1.png\" alt=\"Auto\" \/><\/figure><\/div><div class=\"swiper-slide\" role=\"group\" aria-roledescription=\"slide\" aria-label=\"3 de 9\"><figure class=\"swiper-slide-inner\"><img decoding=\"async\" class=\"swiper-slide-image\" src=\"https:\/\/myplaceoffice.digital\/seguros\/wp-content\/uploads\/2025\/06\/seguro-odonto-1.png\" alt=\"seguro odonto\" \/><\/figure><\/div><div class=\"swiper-slide\" role=\"group\" aria-roledescription=\"slide\" aria-label=\"4 de 9\"><figure class=\"swiper-slide-inner\"><img decoding=\"async\" class=\"swiper-slide-image\" src=\"https:\/\/myplaceoffice.digital\/seguros\/wp-content\/uploads\/2025\/06\/seguro-celular-1.png\" alt=\"seguro celular\" \/><\/figure><\/div><div class=\"swiper-slide\" role=\"group\" aria-roledescription=\"slide\" aria-label=\"5 de 9\"><figure class=\"swiper-slide-inner\"><img decoding=\"async\" class=\"swiper-slide-image\" src=\"https:\/\/myplaceoffice.digital\/seguros\/wp-content\/uploads\/2025\/06\/seguro-de-vida-1.png\" alt=\"seguro de vida\" \/><\/figure><\/div><div class=\"swiper-slide\" role=\"group\" aria-roledescription=\"slide\" aria-label=\"6 de 9\"><figure class=\"swiper-slide-inner\"><img decoding=\"async\" class=\"swiper-slide-image\" src=\"https:\/\/myplaceoffice.digital\/seguros\/wp-content\/uploads\/2025\/06\/seguro-residencial-3-1.png\" alt=\"seguro residencial (3)\" \/><\/figure><\/div><div class=\"swiper-slide\" role=\"group\" aria-roledescription=\"slide\" aria-label=\"7 de 9\"><figure class=\"swiper-slide-inner\"><img decoding=\"async\" class=\"swiper-slide-image\" src=\"https:\/\/myplaceoffice.digital\/seguros\/wp-content\/uploads\/2025\/06\/seguro-bike-1.png\" alt=\"seguro bike\" \/><\/figure><\/div><div class=\"swiper-slide\" role=\"group\" aria-roledescription=\"slide\" aria-label=\"8 de 9\"><figure class=\"swiper-slide-inner\"><img decoding=\"async\" class=\"swiper-slide-image\" src=\"https:\/\/myplaceoffice.digital\/seguros\/wp-content\/uploads\/2025\/06\/seguro-pet-1.png\" alt=\"seguro pet\" \/><\/figure><\/div><div class=\"swiper-slide\" role=\"group\" aria-roledescription=\"slide\" aria-label=\"9 de 9\"><figure class=\"swiper-slide-inner\"><img decoding=\"async\" class=\"swiper-slide-image\" src=\"https:\/\/myplaceoffice.digital\/seguros\/wp-content\/uploads\/2025\/06\/seguro-residencial-4-1.png\" alt=\"seguro residencial (4)\" \/><\/figure><\/div>\t\t\t<\/div>\n\t\t\t\t\t\t\t\t\t\t\t\t<div class=\"elementor-swiper-button elementor-swiper-button-prev\" role=\"button\" tabindex=\"0\">\n\t\t\t\t\t\t<svg aria-hidden=\"true\" class=\"e-font-icon-svg e-eicon-chevron-left\" viewBox=\"0 0 1000 1000\" xmlns=\"http:\/\/www.w3.org\/2000\/svg\"><path d=\"M646 125C629 125 613 133 604 142L308 442C296 454 292 471 292 487 292 504 296 521 308 533L604 854C617 867 629 875 646 875 663 875 679 871 692 858 704 846 713 829 713 812 713 796 708 779 692 767L438 487 692 225C700 217 708 204 708 187 708 171 704 154 692 142 675 129 663 125 646 125Z\"><\/path><\/svg>\t\t\t\t\t<\/div>\n\t\t\t\t\t<div class=\"elementor-swiper-button elementor-swiper-button-next\" role=\"button\" tabindex=\"0\">\n\t\t\t\t\t\t<svg aria-hidden=\"true\" class=\"e-font-icon-svg e-eicon-chevron-right\" viewBox=\"0 0 1000 1000\" xmlns=\"http:\/\/www.w3.org\/2000\/svg\"><path d=\"M696 533C708 521 713 504 713 487 713 471 708 454 696 446L400 146C388 133 375 125 354 125 338 125 325 129 313 142 300 154 292 171 292 187 292 204 296 221 308 233L563 492 304 771C292 783 288 800 288 817 288 833 296 850 308 863 321 871 338 875 354 875 371 875 388 867 400 854L696 533Z\"><\/path><\/svg>\t\t\t\t\t<\/div>\n\t\t\t\t\n\t\t\t\t\t\t\t\t\t<div class=\"swiper-pagination\"><\/div>\n\t\t\t\t\t\t\t\t\t<\/div>\n\t\t\t\t\t\t<\/div>\n\t\t\t\t<\/div>\n\t\t\t\t<div class=\"elementor-element elementor-element-484f86d elementor-widget elementor-widget-html\" data-id=\"484f86d\" data-element_type=\"widget\" data-widget_type=\"html.default\">\n\t\t\t\t<div class=\"elementor-widget-container\">\n\t\t\t\t\t<script>\r\n\t'use strict';\r\n\tdocument.addEventListener('DOMContentLoaded', function () {\r\n\t\tvar filteredImages = document.querySelectorAll('.swiper-slide');\r\n\t\t\/\/\r\n\t\tvar links = [\r\n'https:\/\/myplaceoffice.digital\/seguros\/index.php\/acesso-ao-seguro-residencial\/',\r\n\t\t\t'https:\/\/myplaceoffice.digital\/seguros\/index.php\/325-2\/',\r\n'https:\/\/myplaceoffice.digital\/seguros\/index.php\/acesso-ao-seguro-odontologico\/',\r\n'https:\/\/myplaceoffice.digital\/seguros\/index.php\/acesso-ao-seguro-de-celular\/',\r\n'https:\/\/myplaceoffice.digital\/seguros\/index.php\/acesso-ao-seguro-de-vida\/',\r\n'https:\/\/myplaceoffice.digital\/seguros\/index.php\/acesso-ao-seguro-de-viagem\/',\r\n'https:\/\/myplaceoffice.digital\/seguros\/index.php\/acesso-ao-seguro-de-bicicleta\/',\r\n'https:\/\/myplaceoffice.digital\/seguros\/index.php\/elementor-314\/',\r\n'https:\/\/myplaceoffice.digital\/seguros\/index.php\/acesso-ao-seguro-empresarial\/',\r\n\t\t\/\/repita os links aqui\r\n\t'https:\/\/myplaceoffice.digital\/seguros\/index.php\/acesso-ao-seguro-residencial\/',\r\n\t\t\t'https:\/\/myplaceoffice.digital\/seguros\/index.php\/325-2\/',\r\n'https:\/\/myplaceoffice.digital\/seguros\/index.php\/acesso-ao-seguro-odontologico\/',\r\n'https:\/\/myplaceoffice.digital\/seguros\/index.php\/acesso-ao-seguro-de-celular\/',\r\n'https:\/\/myplaceoffice.digital\/seguros\/index.php\/acesso-ao-seguro-de-vida\/',\r\n'https:\/\/myplaceoffice.digital\/seguros\/index.php\/acesso-ao-seguro-de-viagem\/',\r\n'https:\/\/myplaceoffice.digital\/seguros\/index.php\/acesso-ao-seguro-de-bicicleta\/',\r\n'https:\/\/myplaceoffice.digital\/seguros\/index.php\/elementor-314\/',\r\n'https:\/\/myplaceoffice.digital\/seguros\/index.php\/acesso-ao-seguro-empresarial\/',\r\n\t\t\/\/repita os links aqui\r\n\t'https:\/\/myplaceoffice.digital\/seguros\/index.php\/acesso-ao-seguro-residencial\/',\r\n\t\t\t'https:\/\/myplaceoffice.digital\/seguros\/index.php\/325-2\/',\r\n'https:\/\/myplaceoffice.digital\/seguros\/index.php\/acesso-ao-seguro-odontologico\/',\r\n'https:\/\/myplaceoffice.digital\/seguros\/index.php\/acesso-ao-seguro-de-celular\/',\r\n'https:\/\/myplaceoffice.digital\/seguros\/index.php\/acesso-ao-seguro-de-vida\/',\r\n'https:\/\/myplaceoffice.digital\/seguros\/index.php\/acesso-ao-seguro-de-viagem\/',\r\n'https:\/\/myplaceoffice.digital\/seguros\/index.php\/acesso-ao-seguro-de-bicicleta\/',\r\n'https:\/\/myplaceoffice.digital\/seguros\/index.php\/elementor-314\/',\r\n'https:\/\/myplaceoffice.digital\/seguros\/index.php\/acesso-ao-seguro-empresarial\/',\r\n\t\t];\r\n\t\tvar _loope = function _loope(b) {\r\n\t\t\tfilteredImages[i].addEventListener('click', function () {\r\n\t\t\t\/\/ ATEN\u00c7\u00c3O: se quiser que abra o link em uma nova ABA, substitua na linha abaixo o texto \"location = links[i];\" por \"window.open(links[i]);\"\r\n\t\t\t\twindow.open(links[b]);\r\n\t\t\t});\r\n\t\t}\r\n\t\tfor (var i = 0; i < filteredImages.length; i++) {\r\n\t\t\tvar b = i ;\r\n\t\t\t_loope(b);\r\n\t\t}\r\n\t});\r\n<\/script>\r\n<style>\r\n\r\n\t.swiper-slide {\r\n\t\tcursor: pointer;\r\n\t}\r\n<\/style>\r\n\t\t\t\t<\/div>\n\t\t\t\t<\/div>\n\t\t\t\t<\/div>\n\t\t<div class=\"elementor-element elementor-element-a4aed89 e-flex e-con-boxed e-con e-parent\" data-id=\"a4aed89\" data-element_type=\"container\">\n\t\t\t\t\t<div class=\"e-con-inner\">\n\t\t<div class=\"elementor-element elementor-element-623bb5b e-con-full e-flex e-con e-child\" data-id=\"623bb5b\" data-element_type=\"container\">\n\t\t\t\t<div class=\"elementor-element elementor-element-8162bde elementor-widget elementor-widget-image\" data-id=\"8162bde\" data-element_type=\"widget\" data-widget_type=\"image.default\">\n\t\t\t\t<div class=\"elementor-widget-container\">\n\t\t\t\t\t\t\t\t\t\t\t\t\t\t\t<img decoding=\"async\" src=\"https:\/\/myplaceoffice.digital\/seguros\/wp-content\/uploads\/elementor\/thumbs\/Design-sem-nome-r7h13gi5uw9fusd3k3fqlak88781mh80cx32flgqao.png\" title=\"Design sem nome\" alt=\"Design sem nome\" loading=\"lazy\" \/>\t\t\t\t\t\t\t\t\t\t\t\t\t\t\t<\/div>\n\t\t\t\t<\/div>\n\t\t\t\t<\/div>\n\t\t<div class=\"elementor-element elementor-element-5ce06f3 e-con-full e-flex e-con e-child\" data-id=\"5ce06f3\" data-element_type=\"container\">\n\t\t\t\t<div class=\"elementor-element elementor-element-ef06806 elementor-widget elementor-widget-heading\" data-id=\"ef06806\" data-element_type=\"widget\" data-widget_type=\"heading.default\">\n\t\t\t\t<div class=\"elementor-widget-container\">\n\t\t\t\t\t<h2 class=\"elementor-heading-title elementor-size-default\">Na My Place Office, a gente entende que cada momento da sua vida pede uma prote\u00e7\u00e3o diferente.<\/h2>\t\t\t\t<\/div>\n\t\t\t\t<\/div>\n\t\t\t\t<div class=\"elementor-element elementor-element-291d6e9 elementor-widget elementor-widget-text-editor\" data-id=\"291d6e9\" data-element_type=\"widget\" data-widget_type=\"text-editor.default\">\n\t\t\t\t<div class=\"elementor-widget-container\">\n\t\t\t\t\t\t\t\t\t<p>Por isso, reunimos as melhores op\u00e7\u00f5es de seguros em um s\u00f3 lugar, com uma plataforma simples, r\u00e1pida e sem burocracia. Seja qual for a sua necessidade, aqui voc\u00ea encontra o seguro ideal com clareza, agilidade e total transpar\u00eancia.<\/p>\t\t\t\t\t\t\t\t<\/div>\n\t\t\t\t<\/div>\n\t\t\t\t<\/div>\n\t\t\t\t\t<\/div>\n\t\t\t\t<\/div>\n\t\t<div class=\"elementor-element elementor-element-59e2291 e-flex e-con-boxed e-con e-parent\" data-id=\"59e2291\" data-element_type=\"container\">\n\t\t\t\t\t<div class=\"e-con-inner\">\n\t\t<div class=\"elementor-element elementor-element-32498d6 e-con-full e-flex e-con e-child\" data-id=\"32498d6\" data-element_type=\"container\">\n\t\t\t\t<div class=\"elementor-element elementor-element-757aa78 elementor-widget elementor-widget-heading\" data-id=\"757aa78\" data-element_type=\"widget\" data-widget_type=\"heading.default\">\n\t\t\t\t<div class=\"elementor-widget-container\">\n\t\t\t\t\t<h2 class=\"elementor-heading-title elementor-size-default\">Por que ter um seguro \u00e9 essencial?<\/h2>\t\t\t\t<\/div>\n\t\t\t\t<\/div>\n\t\t\t\t<div class=\"elementor-element elementor-element-5b6ad03 elementor-widget elementor-widget-text-editor\" data-id=\"5b6ad03\" data-element_type=\"widget\" data-widget_type=\"text-editor.default\">\n\t\t\t\t<div class=\"elementor-widget-container\">\n\t\t\t\t\t\t\t\t\t<p>Imprevistos fazem parte da vida \u2014 e quando eles chegam, \u00e9 o seguro que garante que voc\u00ea n\u00e3o vai passar por isso sozinho(a). Ter um seguro \u00e9 ter prote\u00e7\u00e3o, tranquilidade e amparo nos momentos em que voc\u00ea mais precisa.<\/p><p><br>Seja para cuidar da sua sa\u00fade, proteger quem voc\u00ea ama, garantir seu lar, seu celular, suas viagens ou at\u00e9 o bem-estar do seu pet, o seguro transforma incertezas em seguran\u00e7a. \u00c9 uma escolha inteligente, pr\u00e1tica e que mostra o quanto voc\u00ea valoriza o que conquistou.<\/p>\t\t\t\t\t\t\t\t<\/div>\n\t\t\t\t<\/div>\n\t\t\t\t<\/div>\n\t\t<div class=\"elementor-element elementor-element-053de8a e-con-full e-flex e-con e-child\" data-id=\"053de8a\" data-element_type=\"container\">\n\t\t\t\t<div class=\"elementor-element elementor-element-87c5cdb elementor-widget elementor-widget-image\" data-id=\"87c5cdb\" data-element_type=\"widget\" data-widget_type=\"image.default\">\n\t\t\t\t<div class=\"elementor-widget-container\">\n\t\t\t\t\t\t\t\t\t\t\t\t\t\t\t<img decoding=\"async\" src=\"https:\/\/myplaceoffice.digital\/seguros\/wp-content\/uploads\/elementor\/thumbs\/lp-2-r7h1a9u1enmauvogkh3siv5jyoueq2u2yx8wc53xgo.webp\" title=\"lp 2\" alt=\"lp 2\" loading=\"lazy\" \/>\t\t\t\t\t\t\t\t\t\t\t\t\t\t\t<\/div>\n\t\t\t\t<\/div>\n\t\t\t\t<\/div>\n\t\t\t\t\t<\/div>\n\t\t\t\t<\/div>\n\t\t<div class=\"elementor-element elementor-element-8e5c336 e-flex e-con-boxed e-con e-parent\" data-id=\"8e5c336\" data-element_type=\"container\">\n\t\t\t\t\t<div class=\"e-con-inner\">\n\t\t<div class=\"elementor-element elementor-element-8cd5bd9 e-con-full e-flex e-con e-child\" data-id=\"8cd5bd9\" data-element_type=\"container\">\n\t\t\t\t<div class=\"elementor-element elementor-element-01ea3b5 elementor-widget elementor-widget-image\" data-id=\"01ea3b5\" data-element_type=\"widget\" data-widget_type=\"image.default\">\n\t\t\t\t<div class=\"elementor-widget-container\">\n\t\t\t\t\t\t\t\t\t\t\t\t\t\t\t\t<a href=\"https:\/\/myplaceoffice.digital\/seguros\/index.php\/acesso-ao-seguro-residencial\/\">\n\t\t\t\t\t\t\t<img decoding=\"async\" src=\"https:\/\/myplaceoffice.digital\/seguros\/wp-content\/uploads\/elementor\/thumbs\/seguro-residencial-1-r7gyzbkrlfyyliezogm85hh2f5r52wa6cf63o76l8g.png\" title=\"seguro residencial\" alt=\"seguro residencial\" loading=\"lazy\" \/>\t\t\t\t\t\t\t\t<\/a>\n\t\t\t\t\t\t\t\t\t\t\t\t\t\t\t<\/div>\n\t\t\t\t<\/div>\n\t\t\t\t<\/div>\n\t\t<div class=\"elementor-element elementor-element-3d120c7 e-con-full e-flex e-con e-child\" data-id=\"3d120c7\" data-element_type=\"container\">\n\t\t\t\t<div class=\"elementor-element elementor-element-2a653d3 elementor-widget elementor-widget-image\" data-id=\"2a653d3\" data-element_type=\"widget\" data-widget_type=\"image.default\">\n\t\t\t\t<div class=\"elementor-widget-container\">\n\t\t\t\t\t\t\t\t\t\t\t\t\t\t\t\t<a href=\"https:\/\/myplaceoffice.digital\/seguros\/index.php\/acesso-ao-seguro-empresarial\/\">\n\t\t\t\t\t\t\t<img decoding=\"async\" src=\"https:\/\/myplaceoffice.digital\/seguros\/wp-content\/uploads\/elementor\/thumbs\/seguro-residencial-4-1-r7gyz7teu3ttb2kgaezpvif81m9o83v8zwk5r3c5xc.png\" title=\"seguro residencial (4)\" alt=\"seguro residencial (4)\" loading=\"lazy\" \/>\t\t\t\t\t\t\t\t<\/a>\n\t\t\t\t\t\t\t\t\t\t\t\t\t\t\t<\/div>\n\t\t\t\t<\/div>\n\t\t\t\t<\/div>\n\t\t<div class=\"elementor-element elementor-element-d2452ec e-con-full e-flex e-con e-child\" data-id=\"d2452ec\" data-element_type=\"container\">\n\t\t\t\t<div class=\"elementor-element elementor-element-11871d9 elementor-widget elementor-widget-image\" data-id=\"11871d9\" data-element_type=\"widget\" data-widget_type=\"image.default\">\n\t\t\t\t<div class=\"elementor-widget-container\">\n\t\t\t\t\t\t\t\t\t\t\t\t\t\t\t\t<a href=\"https:\/\/myplaceoffice.digital\/seguros\/index.php\/acesso-ao-seguro-de-viagem\/\">\n\t\t\t\t\t\t\t<img decoding=\"async\" src=\"https:\/\/myplaceoffice.digital\/seguros\/wp-content\/uploads\/elementor\/thumbs\/seguro-residencial-3-1-r7gyz4222roo0mpwwdd7ljddo2s7dbgbndy7tzhqm8.png\" title=\"seguro residencial (3)\" alt=\"seguro residencial (3)\" loading=\"lazy\" \/>\t\t\t\t\t\t\t\t<\/a>\n\t\t\t\t\t\t\t\t\t\t\t\t\t\t\t<\/div>\n\t\t\t\t<\/div>\n\t\t\t\t<\/div>\n\t\t<div class=\"elementor-element elementor-element-632dbd1 e-con-full e-flex e-con e-child\" data-id=\"632dbd1\" data-element_type=\"container\">\n\t\t\t\t<div class=\"elementor-element elementor-element-66c41f9 elementor-widget elementor-widget-image\" data-id=\"66c41f9\" data-element_type=\"widget\" data-widget_type=\"image.default\">\n\t\t\t\t<div class=\"elementor-widget-container\">\n\t\t\t\t\t\t\t\t\t\t\t\t\t\t\t\t<a href=\"https:\/\/myplaceoffice.digital\/seguros\/index.php\/325-2\/\">\n\t\t\t\t\t\t\t<img decoding=\"async\" src=\"https:\/\/myplaceoffice.digital\/seguros\/wp-content\/uploads\/elementor\/thumbs\/seguro-residencial-2-1-r7gyyzcv4li8ekwqntc2r2k2p5fdatxnyqosflophc.png\" title=\"Auto\" alt=\"Auto\" loading=\"lazy\" \/>\t\t\t\t\t\t\t\t<\/a>\n\t\t\t\t\t\t\t\t\t\t\t\t\t\t\t<\/div>\n\t\t\t\t<\/div>\n\t\t\t\t<div class=\"elementor-element elementor-element-59547bc elementor-widget elementor-widget-image\" data-id=\"59547bc\" data-element_type=\"widget\" data-widget_type=\"image.default\">\n\t\t\t\t<div class=\"elementor-widget-container\">\n\t\t\t\t\t\t\t\t\t\t\t\t\t\t\t\t<a href=\"https:\/\/myplaceoffice.digital\/seguros\/index.php\/acesso-ao-seguro-de-bicicleta\/\">\n\t\t\t\t\t\t\t<img decoding=\"async\" src=\"https:\/\/myplaceoffice.digital\/seguros\/wp-content\/uploads\/elementor\/thumbs\/seguro-bike-1-r7gyyfm952r7mrpev2swspje824nt6raw0zlcshz40.png\" title=\"seguro bike\" alt=\"seguro bike\" loading=\"lazy\" \/>\t\t\t\t\t\t\t\t<\/a>\n\t\t\t\t\t\t\t\t\t\t\t\t\t\t\t<\/div>\n\t\t\t\t<\/div>\n\t\t\t\t<\/div>\n\t\t<div class=\"elementor-element elementor-element-4867cff e-con-full e-flex e-con e-child\" data-id=\"4867cff\" data-element_type=\"container\">\n\t\t\t\t<div class=\"elementor-element elementor-element-6ad19ee elementor-widget elementor-widget-image\" data-id=\"6ad19ee\" data-element_type=\"widget\" data-widget_type=\"image.default\">\n\t\t\t\t<div class=\"elementor-widget-container\">\n\t\t\t\t\t\t\t\t\t\t\t\t\t\t\t\t<a href=\"https:\/\/myplaceoffice.digital\/seguros\/index.php\/elementor-314\/\">\n\t\t\t\t\t\t\t<img decoding=\"async\" src=\"https:\/\/myplaceoffice.digital\/seguros\/wp-content\/uploads\/elementor\/thumbs\/seguro-pet-1-r7gyywjck3edfr0u4a471l9owzt9nqmgycqbzrsw00.png\" title=\"seguro pet\" alt=\"seguro pet\" loading=\"lazy\" \/>\t\t\t\t\t\t\t\t<\/a>\n\t\t\t\t\t\t\t\t\t\t\t\t\t\t\t<\/div>\n\t\t\t\t<\/div>\n\t\t\t\t<div class=\"elementor-element elementor-element-8738cba elementor-widget elementor-widget-image\" data-id=\"8738cba\" data-element_type=\"widget\" data-widget_type=\"image.default\">\n\t\t\t\t<div class=\"elementor-widget-container\">\n\t\t\t\t\t\t\t\t\t\t\t\t\t\t\t\t<a href=\"https:\/\/myplaceoffice.digital\/seguros\/index.php\/acesso-ao-seguro-de-celular\/\">\n\t\t\t\t\t\t\t<img decoding=\"async\" src=\"https:\/\/myplaceoffice.digital\/seguros\/wp-content\/uploads\/elementor\/thumbs\/seguro-celular-1-r7gyykbg38xn8til3mu1n6cp6zhhvo9yko90r6b08w.png\" title=\"seguro celular\" alt=\"seguro celular\" loading=\"lazy\" \/>\t\t\t\t\t\t\t\t<\/a>\n\t\t\t\t\t\t\t\t\t\t\t\t\t\t\t<\/div>\n\t\t\t\t<\/div>\n\t\t\t\t<\/div>\n\t\t<div class=\"elementor-element elementor-element-9de5e56 e-con-full e-flex e-con e-child\" data-id=\"9de5e56\" data-element_type=\"container\">\n\t\t\t\t<div class=\"elementor-element elementor-element-d27b0be elementor-widget elementor-widget-image\" data-id=\"d27b0be\" data-element_type=\"widget\" data-widget_type=\"image.default\">\n\t\t\t\t<div class=\"elementor-widget-container\">\n\t\t\t\t\t\t\t\t\t\t\t\t\t\t\t\t<a href=\"https:\/\/myplaceoffice.digital\/seguros\/index.php\/acesso-ao-seguro-odontologico\/\">\n\t\t\t\t\t\t\t<img decoding=\"async\" src=\"https:\/\/myplaceoffice.digital\/seguros\/wp-content\/uploads\/elementor\/thumbs\/seguro-odonto-1-r7gyysrzsr985b6aq8horm7ujgbssy7jlu4e2nygow.png\" title=\"seguro odonto\" alt=\"seguro odonto\" loading=\"lazy\" \/>\t\t\t\t\t\t\t\t<\/a>\n\t\t\t\t\t\t\t\t\t\t\t\t\t\t\t<\/div>\n\t\t\t\t<\/div>\n\t\t\t\t<div class=\"elementor-element elementor-element-72728ef elementor-widget elementor-widget-image\" data-id=\"72728ef\" data-element_type=\"widget\" data-widget_type=\"image.default\">\n\t\t\t\t<div class=\"elementor-widget-container\">\n\t\t\t\t\t\t\t\t\t\t\t\t\t\t\t\t<a href=\"https:\/\/myplaceoffice.digital\/seguros\/index.php\/acesso-ao-seguro-de-vida\/\">\n\t\t\t\t\t\t\t<img decoding=\"async\" src=\"https:\/\/myplaceoffice.digital\/seguros\/wp-content\/uploads\/elementor\/thumbs\/seguro-de-vida-1-r7gyyp0n1f42uvbrc6v6hn605wuby5sm9big5k41ds.png\" title=\"seguro de vida\" alt=\"seguro de vida\" loading=\"lazy\" \/>\t\t\t\t\t\t\t\t<\/a>\n\t\t\t\t\t\t\t\t\t\t\t\t\t\t\t<\/div>\n\t\t\t\t<\/div>\n\t\t\t\t<\/div>\n\t\t\t\t\t<\/div>\n\t\t\t\t<\/div>\n\t\t\t\t<\/div>\n\t\t","protected":false},"excerpt":{"rendered":"<p>Na My Place Office, a gente entende que cada momento da sua vida pede uma prote\u00e7\u00e3o diferente. Por isso, reunimos as melhores op\u00e7\u00f5es de seguros em um s\u00f3 lugar, com uma plataforma simples, r\u00e1pida e sem burocracia. Seja qual for a sua necessidade, aqui voc\u00ea encontra o seguro ideal com clareza, agilidade e total transpar\u00eancia.&hellip;<\/p>\n","protected":false},"author":1,"featured_media":0,"parent":0,"menu_order":0,"comment_status":"closed","ping_status":"closed","template":"elementor_header_footer","meta":{"footnotes":""},"class_list":["post-2","page","type-page","status-publish","hentry"],"_links":{"self":[{"href":"https:\/\/myplaceoffice.digital\/seguros\/index.php\/wp-json\/wp\/v2\/pages\/2","targetHints":{"allow":["GET"]}}],"collection":[{"href":"https:\/\/myplaceoffice.digital\/seguros\/index.php\/wp-json\/wp\/v2\/pages"}],"about":[{"href":"https:\/\/myplaceoffice.digital\/seguros\/index.php\/wp-json\/wp\/v2\/types\/page"}],"author":[{"embeddable":true,"href":"https:\/\/myplaceoffice.digital\/seguros\/index.php\/wp-json\/wp\/v2\/users\/1"}],"replies":[{"embeddable":true,"href":"https:\/\/myplaceoffice.digital\/seguros\/index.php\/wp-json\/wp\/v2\/comments?post=2"}],"version-history":[{"count":118,"href":"https:\/\/myplaceoffice.digital\/seguros\/index.php\/wp-json\/wp\/v2\/pages\/2\/revisions"}],"predecessor-version":[{"id":347,"href":"https:\/\/myplaceoffice.digital\/seguros\/index.php\/wp-json\/wp\/v2\/pages\/2\/revisions\/347"}],"wp:attachment":[{"href":"https:\/\/myplaceoffice.digital\/seguros\/index.php\/wp-json\/wp\/v2\/media?parent=2"}],"curies":[{"name":"wp","href":"https:\/\/api.w.org\/{rel}","templated":true}]}}